{"id":15252,"date":"2015-04-20T14:31:52","date_gmt":"2015-04-20T14:31:52","guid":{"rendered":"http:\/\/demo.qodeinteractive.com\/bridge79\/?page_id=15252"},"modified":"2021-05-21T07:19:58","modified_gmt":"2021-05-21T07:19:58","slug":"home","status":"publish","type":"page","link":"http:\/\/euro-kam.pl\/materialy\/","title":{"rendered":"Strona G\u0142\u00f3wna"},"content":{"rendered":"<div class=\"wpb-content-wrapper\"><p>[vc_row row_type=&#8221;row&#8221; use_row_as_full_screen_section=&#8221;no&#8221; type=&#8221;full_width&#8221; angled_section=&#8221;no&#8221; text_align=&#8221;left&#8221; background_image_as_pattern=&#8221;without_pattern&#8221; css_animation=&#8221;&#8221;][vc_column][vc_column_text]\n\t\t\t<!-- START slider1 REVOLUTION SLIDER 6.7.38 --><p class=\"rs-p-wp-fix\"><\/p>\n\t\t\t<rs-module-wrap id=\"rev_slider_1_1_wrapper\" data-source=\"gallery\" style=\"visibility:hidden;background:transparent;padding:0;margin:0px auto;margin-top:0;margin-bottom:0;\">\n\t\t\t\t<rs-module id=\"rev_slider_1_1\" style=\"\" data-version=\"6.7.38\">\n\t\t\t\t\t<rs-slides style=\"overflow: hidden; position: absolute;\">\n\t\t\t\t\t\t<rs-slide style=\"position: absolute;\" data-key=\"rs-20\" data-title=\"Slide\" data-anim=\"adpr:false;\">\n\t\t\t\t\t\t\t<img decoding=\"async\" src=\"\/\/euro-kam.pl\/materialy\/wp-content\/plugins\/revslider\/sr6\/assets\/assets\/dummy.png\" alt=\"\" title=\"Strona G\u0142\u00f3wna\" class=\"rev-slidebg tp-rs-img rs-lazyload\" data-lazyload=\"\/\/euro-kam.pl\/materialy\/wp-content\/uploads\/2023\/06\/20230628_105419-1.jpg\" data-no-retina>\n<!---->\t\t\t\t\t<\/rs-slide>\n\t\t\t\t\t\t<rs-slide style=\"position: absolute;\" data-key=\"rs-26\" data-title=\"Slide\" data-anim=\"adpr:false;\">\n\t\t\t\t\t\t\t<img decoding=\"async\" src=\"\/\/euro-kam.pl\/materialy\/wp-content\/plugins\/revslider\/sr6\/assets\/assets\/dummy.png\" alt=\"\" title=\"Strona G\u0142\u00f3wna\" class=\"rev-slidebg tp-rs-img rs-lazyload\" data-lazyload=\"\/\/euro-kam.pl\/materialy\/wp-content\/uploads\/2019\/01\/wegiel.jpg\" data-no-retina>\n<!---->\t\t\t\t\t<\/rs-slide>\n\t\t\t\t\t<\/rs-slides>\n\t\t\t\t<\/rs-module>\n\t\t\t\t<script>\n\t\t\t\t\tsetREVStartSize({c: 'rev_slider_1_1',rl:[1240,1024,778,480],el:[],gw:[1920],gh:[600],type:'standard',justify:'',layout:'fullwidth',mh:\"0\"});if (window.RS_MODULES!==undefined && window.RS_MODULES.modules!==undefined && window.RS_MODULES.modules[\"revslider11\"]!==undefined) {window.RS_MODULES.modules[\"revslider11\"].once = false;window.revapi1 = undefined;if (window.RS_MODULES.checkMinimal!==undefined) window.RS_MODULES.checkMinimal()}\n\t\t\t\t<\/script>\n\t\t\t<\/rs-module-wrap>\n\t\t\t<!-- END REVOLUTION SLIDER -->\n[\/vc_column_text][\/vc_column][\/vc_row][vc_row row_type=&#8221;row&#8221; use_row_as_full_screen_section=&#8221;no&#8221; type=&#8221;full_width&#8221; angled_section=&#8221;no&#8221; text_align=&#8221;left&#8221; background_image_as_pattern=&#8221;without_pattern&#8221; background_color=&#8221;#ffffff&#8221; border_color=&#8221;#ffffff&#8221; padding_top=&#8221;0&#8243; padding_bottom=&#8221;0&#8243; css_animation=&#8221;element_from_fade&#8221; transition_delay=&#8221;0.5&#8243; css=&#8221;.vc_custom_1535370887477{background-color: #ffffff !important;}&#8221;][vc_column width=&#8221;1\/3&#8243; css=&#8221;.vc_custom_1535369996798{padding-top: 50px !important;}&#8221;][vc_column_text]<\/p>\n<p style=\"text-align: center;\">Zapraszamy na witryn\u0119 internetow\u0105 firmy partnerskiej:<\/p>\n<p style=\"text-align: center;\"><a href=\"http:\/\/kdmbyczyna.pl\/web.n4\"><img decoding=\"async\" class=\"alignnone size-full wp-image-16687\" src=\"http:\/\/euro-kam.pl\/materialy\/wp-content\/uploads\/2015\/04\/logo.png\" alt=\"\" width=\"225\" height=\"112\" \/><\/a><\/p>\n<p>[\/vc_column_text][\/vc_column][vc_column width=&#8221;2\/3&#8243; offset=&#8221;vc_col-lg-offset-0 vc_col-lg-8 vc_col-md-offset-2 vc_col-md-8 vc_col-sm-offset-1 vc_col-xs-offset-1 vc_col-xs-10&#8243; css=&#8221;.vc_custom_1535102147519{padding-top: 30px !important;padding-right: 20px !important;padding-bottom: 70px !important;}&#8221;][vc_separator type=&#8221;transparent&#8221; up=&#8221;20&#8243; down=&#8221;0&#8243;][vc_column_text]<strong>Firma &#8222;EURO-KAM&#8221; powsta\u0142a w 1989r. za\u0142o\u017cona przez jedn\u0105 osob\u0119. <\/strong>[\/vc_column_text][vc_separator type=&#8221;transparent&#8221; up=&#8221;20&#8243; down=&#8221;0&#8243;][vc_column_text]<\/p>\n<div class=\"webs-submodule webs-submodule-text webs-module-text\">\n<div class=\"webs-text \">\n<p>G\u0142\u00f3wn\u0105 dzia\u0142alno\u015bci\u0105 rozwoju firmy by\u0142y i s\u0105 nadal us\u0142ugi transportowe.<br \/>\nW 1999r. zosta\u0142 zakupiony plac, na kt\u00f3rym to powsta\u0142 sk\u0142ad opa\u0142u i materia\u0142\u00f3w budowlanych.<\/p>\n<p>Proponujemy sprzeda\u017c opa\u0142u o wysokich parametrach z najlepszych kopal\u0144.<\/p>\n<p>Zapewniamy materia\u0142y budowlane do kompleksowego remontu wewn\u0105trz i na zewn\u0105trz budynku, od piwnicy po dach.<\/p>\n<p style=\"text-align: left;\">\n<\/div>\n<\/div>\n<p>[\/vc_column_text][\/vc_column][\/vc_row][vc_row row_type=&#8221;parallax&#8221; parallax_content_width=&#8221;full_width&#8221; text_align=&#8221;center&#8221; background_image=&#8221;16610&#8243; full_screen_section_height=&#8221;no&#8221; section_height=&#8221;350&#8243;][vc_column][vc_row_inner row_type=&#8221;row&#8221; type=&#8221;grid&#8221; text_align=&#8221;center&#8221; padding_top=&#8221;95&#8243; padding_bottom=&#8221;95&#8243; css_animation=&#8221;&#8221;][vc_column_inner][vc_column_text]<\/p>\n<h1 style=\"text-align: center; font-size: 60px;\"><span style=\"color: #ffffff;\">Czekamy na Pa\u0144stwa pytania<\/span><\/h1>\n<p>[\/vc_column_text][vc_separator type=&#8221;transparent&#8221; up=&#8221;40&#8243; down=&#8221;0&#8243;]<a  itemprop=\"url\" href=\"http:\/\/euro-kam.pl\/materialy\/kontakt\/\" target=\"_self\" data-hover-background-color='#00723f'  class=\"qbutton  big_large center default\" style=\"color: #ffffff; border-color: #ffffff; font-style: normal; \">KONTAKT<\/a>[\/vc_column_inner][\/vc_row_inner][\/vc_column][\/vc_row][vc_row row_type=&#8221;row&#8221; use_row_as_full_screen_section=&#8221;no&#8221; type=&#8221;grid&#8221; angled_section=&#8221;no&#8221; text_align=&#8221;center&#8221; background_image_as_pattern=&#8221;without_pattern&#8221; padding_top=&#8221;120&#8243; css_animation=&#8221;&#8221; css=&#8221;.vc_custom_1535370903560{background-color: #00723f !important;}&#8221;][vc_column offset=&#8221;vc_col-lg-offset-2 vc_col-lg-8 vc_col-md-offset-2 vc_col-md-8 vc_col-sm-offset-1 vc_col-xs-offset-1 vc_col-xs-10&#8243;][vc_column_text]<\/p>\n<p style=\"text-align: center;\"><span style=\"color: #000000;\"><strong><span style=\"font-size: 22pt;\">Nasza oferta<\/span><\/strong><\/span><\/p>\n<p>[\/vc_column_text][vc_separator type=&#8221;small&#8221; position=&#8221;center&#8221;][\/vc_column][\/vc_row][vc_row row_type=&#8221;row&#8221; use_row_as_full_screen_section=&#8221;no&#8221; type=&#8221;grid&#8221; angled_section=&#8221;no&#8221; text_align=&#8221;center&#8221; background_image_as_pattern=&#8221;without_pattern&#8221; padding_top=&#8221;0&#8243; padding_bottom=&#8221;110&#8243; css_animation=&#8221;&#8221; css=&#8221;.vc_custom_1535370924797{background-color: #00723f !important;}&#8221;][vc_column width=&#8221;1\/2&#8243;][vc_single_image image=&#8221;16605&#8243; img_size=&#8221;full&#8221; alignment=&#8221;center&#8221; onclick=&#8221;custom_link&#8221; qode_css_animation=&#8221;element_from_fade&#8221; transition_delay=&#8221;0.2&#8243; qode_hover_animation=&#8221;zoom_in&#8221; title=&#8221;Materia\u0142y budowlane&#8221; link=&#8221;http:\/\/euro-kam.pl\/materialy\/materialy-budowlane\/&#8221;][\/vc_column][vc_column width=&#8221;1\/2&#8243;][vc_single_image image=&#8221;16607&#8243; img_size=&#8221;full&#8221; alignment=&#8221;center&#8221; onclick=&#8221;custom_link&#8221; qode_css_animation=&#8221;element_from_fade&#8221; transition_delay=&#8221;0.2&#8243; qode_hover_animation=&#8221;zoom_in&#8221; title=&#8221;Opa\u0142&#8221; link=&#8221;http:\/\/euro-kam.pl\/materialy\/opal\/&#8221;][\/vc_column][\/vc_row]<\/p>\n<\/div>","protected":false},"excerpt":{"rendered":"<p>[vc_row row_type=&#8221;row&#8221; use_row_as_full_screen_section=&#8221;no&#8221; type=&#8221;full_width&#8221; angled_section=&#8221;no&#8221; text_align=&#8221;left&#8221; background_image_as_pattern=&#8221;without_pattern&#8221; css_animation=&#8221;&#8221;][vc_column][vc_column_text][\/vc_column_text][\/vc_column][\/vc_row][vc_row row_type=&#8221;row&#8221; use_row_as_full_screen_section=&#8221;no&#8221; type=&#8221;full_width&#8221; angled_section=&#8221;no&#8221; text_align=&#8221;left&#8221; background_image_as_pattern=&#8221;without_pattern&#8221; background_color=&#8221;#ffffff&#8221; border_color=&#8221;#ffffff&#8221; padding_top=&#8221;0&#8243; padding_bottom=&#8221;0&#8243; css_animation=&#8221;element_from_fade&#8221; transition_delay=&#8221;0.5&#8243; css=&#8221;.vc_custom_1535370887477{background-color: #ffffff !important;}&#8221;][vc_column width=&#8221;1\/3&#8243; css=&#8221;.vc_custom_1535369996798{padding-top: 50px !important;}&#8221;][vc_column_text] Zapraszamy na witryn\u0119 internetow\u0105 firmy partnerskiej: [\/vc_column_text][\/vc_column][vc_column width=&#8221;2\/3&#8243; offset=&#8221;vc_col-lg-offset-0 vc_col-lg-8 vc_col-md-offset-2 vc_col-md-8 vc_col-sm-offset-1 vc_col-xs-offset-1 vc_col-xs-10&#8243; css=&#8221;.vc_custom_1535102147519{padding-top: 30px !important;padding-right:&#8230;<\/p>\n","protected":false},"author":1,"featured_media":0,"parent":0,"menu_order":0,"comment_status":"open","ping_status":"open","template":"full_width.php","meta":{"content-type":"","footnotes":""},"class_list":["post-15252","page","type-page","status-publish","hentry"],"_links":{"self":[{"href":"http:\/\/euro-kam.pl\/materialy\/wp-json\/wp\/v2\/pages\/15252","targetHints":{"allow":["GET"]}}],"collection":[{"href":"http:\/\/euro-kam.pl\/materialy\/wp-json\/wp\/v2\/pages"}],"about":[{"href":"http:\/\/euro-kam.pl\/materialy\/wp-json\/wp\/v2\/types\/page"}],"author":[{"embeddable":true,"href":"http:\/\/euro-kam.pl\/materialy\/wp-json\/wp\/v2\/users\/1"}],"replies":[{"embeddable":true,"href":"http:\/\/euro-kam.pl\/materialy\/wp-json\/wp\/v2\/comments?post=15252"}],"version-history":[{"count":304,"href":"http:\/\/euro-kam.pl\/materialy\/wp-json\/wp\/v2\/pages\/15252\/revisions"}],"predecessor-version":[{"id":17246,"href":"http:\/\/euro-kam.pl\/materialy\/wp-json\/wp\/v2\/pages\/15252\/revisions\/17246"}],"wp:attachment":[{"href":"http:\/\/euro-kam.pl\/materialy\/wp-json\/wp\/v2\/media?parent=15252"}],"curies":[{"name":"wp","href":"https:\/\/api.w.org\/{rel}","templated":true}]}}