{"id":16574,"date":"2018-08-23T15:15:45","date_gmt":"2018-08-23T15:15:45","guid":{"rendered":"http:\/\/vu3286.vinao.pl\/materialy\/?page_id=16574"},"modified":"2021-05-20T06:44:52","modified_gmt":"2021-05-20T06:44:52","slug":"materialy-budowlane","status":"publish","type":"page","link":"http:\/\/euro-kam.pl\/materialy\/materialy-budowlane\/","title":{"rendered":"Materia\u0142y Budowlane"},"content":{"rendered":"<div class=\"wpb-content-wrapper\"><p>[vc_row row_type=&#8221;row&#8221; use_row_as_full_screen_section=&#8221;no&#8221; type=&#8221;full_width&#8221; angled_section=&#8221;no&#8221; text_align=&#8221;left&#8221; background_image_as_pattern=&#8221;without_pattern&#8221; css_animation=&#8221;&#8221;][vc_column width=&#8221;1\/2&#8243;][vc_single_image image=&#8221;16819&#8243; img_size=&#8221;500&#215;282&#8243; qode_css_animation=&#8221;&#8221;][\/vc_column][vc_column width=&#8221;1\/2&#8243;][vc_column_text]<strong>Euro-KAM to tak\u017ce sk\u0142ad materia\u0142\u00f3w budowlanych.<\/strong><\/p>\n<p>Ju\u017c od 15 lat zapewniamy Pa\u0144stwu materia\u0142y budowlane niezb\u0119dne do przeprowadzenia remontu, czy te\u017c uko\u0144czenia budowy. Sta\u0142ym Odbiorcom proponujemy najni\u017csze ceny, upusty, a tak\u017ce dogodne warunki p\u0142atno\u015bci. U nas istnieje mo\u017cliwo\u015b\u0107 dostarczenia towaru firmowym transportem.<\/p>\n<p>G\u0142\u00f3wn\u0105 dewiz\u0105 naszej firmy jest troska o Klienta. Zawsze staramy si\u0119 s\u0142u\u017cy\u0107 rad\u0105, pami\u0119taj\u0105\u0107 o tym, \u017ce Klient zadowolony z dokonanego zakupu zachowa o nas dobre zdanie.[\/vc_column_text][\/vc_column][\/vc_row][vc_row row_type=&#8221;row&#8221; use_row_as_full_screen_section=&#8221;no&#8221; type=&#8221;full_width&#8221; angled_section=&#8221;no&#8221; text_align=&#8221;left&#8221; background_image_as_pattern=&#8221;without_pattern&#8221; css_animation=&#8221;&#8221;][vc_column][vc_empty_space height=&#8221;52px&#8221;][\/vc_column][\/vc_row][vc_row row_type=&#8221;row&#8221; use_row_as_full_screen_section=&#8221;no&#8221; type=&#8221;full_width&#8221; angled_section=&#8221;no&#8221; text_align=&#8221;left&#8221; background_image_as_pattern=&#8221;without_pattern&#8221; css_animation=&#8221;&#8221;][vc_column width=&#8221;1\/4&#8243;][vc_single_image image=&#8221;17200&#8243; img_size=&#8221;250&#215;220&#8243; alignment=&#8221;center&#8221; qode_css_animation=&#8221;&#8221;][vc_column_text]<\/p>\n<div id=\"gwpa97aecd3\">\n<div id=\"gwpa97aecd3h\">\n<div class=\"gwpa97aecd3b\" data-message-body=\"true\">\n<div style=\"text-align: center;\"><a href=\"http:\/\/euro-kam.pl\/materialy\/chemia-budowlana\/\">CHEMIA BUDOWLANA<\/a><\/div>\n<\/div>\n<\/div>\n<\/div>\n<p>[\/vc_column_text][\/vc_column][vc_column width=&#8221;1\/4&#8243;][vc_single_image image=&#8221;17020&#8243; img_size=&#8221;250&#215;220&#8243; alignment=&#8221;center&#8221; qode_css_animation=&#8221;&#8221;][vc_column_text]<\/p>\n<div id=\"gwpa97aecd3\">\n<div id=\"gwpa97aecd3h\">\n<div class=\"gwpa97aecd3b\" data-message-body=\"true\">\n<div style=\"text-align: center;\">\n<div id=\"gwpa97aecd3\">\n<div id=\"gwpa97aecd3h\">\n<div class=\"gwpa97aecd3b\" data-message-body=\"true\">\n<div><a href=\"http:\/\/euro-kam.pl\/materialy\/farby-lakiery-narzedzia-malarskie-folie-malarskie-tapety\/\">FARBY, LAKIERY, NARZ\u0118DZIA MALARSKIE, FOLIE MALARSKIE, TAPETY<\/a><\/div>\n<\/div>\n<\/div>\n<\/div>\n<\/div>\n<\/div>\n<\/div>\n<\/div>\n<p>[\/vc_column_text][\/vc_column][vc_column width=&#8221;1\/4&#8243;][vc_single_image image=&#8221;17232&#8243; img_size=&#8221;250&#215;220&#8243; alignment=&#8221;center&#8221; qode_css_animation=&#8221;&#8221;][vc_column_text]<\/p>\n<div id=\"gwpa97aecd3\">\n<div id=\"gwpa97aecd3h\">\n<div class=\"gwpa97aecd3b\" data-message-body=\"true\">\n<div style=\"text-align: center;\">\n<div id=\"gwpa97aecd3\">\n<div id=\"gwpa97aecd3h\">\n<div class=\"gwpa97aecd3b\" data-message-body=\"true\">\n<div>\n<div id=\"gwpa97aecd3\">\n<div id=\"gwpa97aecd3h\">\n<div class=\"gwpa97aecd3b\" data-message-body=\"true\">\n<div><a href=\"http:\/\/euro-kam.pl\/materialy\/termoizolacja\/\">TERMOIZOLACJA<\/a><\/div>\n<\/div>\n<\/div>\n<\/div>\n<\/div>\n<\/div>\n<\/div>\n<\/div>\n<\/div>\n<\/div>\n<\/div>\n<\/div>\n<p>[\/vc_column_text][\/vc_column][vc_column width=&#8221;1\/4&#8243;][vc_single_image image=&#8221;17173&#8243; img_size=&#8221;250&#215;220&#8243; alignment=&#8221;center&#8221; qode_css_animation=&#8221;&#8221;][vc_column_text]<\/p>\n<div id=\"gwpa97aecd3\">\n<div id=\"gwpa97aecd3h\">\n<div class=\"gwpa97aecd3b\" data-message-body=\"true\">\n<div style=\"text-align: center;\">\n<div id=\"gwpa97aecd3\">\n<div id=\"gwpa97aecd3h\">\n<div class=\"gwpa97aecd3b\" data-message-body=\"true\">\n<div>\n<div id=\"gwpa97aecd3\">\n<div id=\"gwpa97aecd3h\">\n<div class=\"gwpa97aecd3b\" data-message-body=\"true\">\n<div>\n<div id=\"gwpa97aecd3\">\n<div id=\"gwpa97aecd3h\">\n<div class=\"gwpa97aecd3b\" data-message-body=\"true\">\n<div><a href=\"http:\/\/euro-kam.pl\/materialy\/systemy-ogrodzenia\/\">SYSTEMY OGRODZENIA<\/a><\/div>\n<\/div>\n<\/div>\n<\/div>\n<\/div>\n<\/div>\n<\/div>\n<\/div>\n<\/div>\n<\/div>\n<\/div>\n<\/div>\n<\/div>\n<\/div>\n<\/div>\n<\/div>\n<p>[\/vc_column_text][\/vc_column][\/vc_row][vc_row row_type=&#8221;row&#8221; use_row_as_full_screen_section=&#8221;no&#8221; type=&#8221;full_width&#8221; angled_section=&#8221;no&#8221; text_align=&#8221;left&#8221; background_image_as_pattern=&#8221;without_pattern&#8221; css_animation=&#8221;&#8221;][vc_column width=&#8221;1\/4&#8243;][vc_single_image image=&#8221;17176&#8243; img_size=&#8221;250&#215;220&#8243; alignment=&#8221;center&#8221; qode_css_animation=&#8221;&#8221;][vc_column_text]<\/p>\n<div id=\"gwpa97aecd3\">\n<div id=\"gwpa97aecd3h\">\n<div class=\"gwpa97aecd3b\" data-message-body=\"true\">\n<div style=\"text-align: center;\">\n<div id=\"gwpa97aecd3\">\n<div id=\"gwpa97aecd3h\">\n<div class=\"gwpa97aecd3b\" data-message-body=\"true\">\n<div><a href=\"http:\/\/euro-kam.pl\/materialy\/plytki-ceramiczne-i-klinkierowe\/\">P\u0141YTKI CERAMICZNE I KLINKIEROWE<\/a><\/div>\n<\/div>\n<\/div>\n<\/div>\n<\/div>\n<\/div>\n<\/div>\n<\/div>\n<p>[\/vc_column_text][\/vc_column][vc_column width=&#8221;1\/4&#8243;][vc_single_image image=&#8221;17203&#8243; img_size=&#8221;250&#215;220&#8243; alignment=&#8221;center&#8221; qode_css_animation=&#8221;&#8221;][vc_column_text]<\/p>\n<div id=\"gwpa97aecd3\">\n<div id=\"gwpa97aecd3h\">\n<div class=\"gwpa97aecd3b\" data-message-body=\"true\">\n<div style=\"text-align: center;\">\n<div id=\"gwpa97aecd3\">\n<div id=\"gwpa97aecd3h\">\n<div class=\"gwpa97aecd3b\" data-message-body=\"true\">\n<div>\n<div id=\"gwpa97aecd3\">\n<div id=\"gwpa97aecd3h\">\n<div class=\"gwpa97aecd3b\" data-message-body=\"true\">\n<div><a href=\"http:\/\/euro-kam.pl\/materialy\/izolacje-wodochronne\/\">IZOLACJE WODOCHRONNE<\/a><\/div>\n<\/div>\n<\/div>\n<\/div>\n<\/div>\n<\/div>\n<\/div>\n<\/div>\n<\/div>\n<\/div>\n<\/div>\n<\/div>\n<p>[\/vc_column_text][\/vc_column][vc_column width=&#8221;1\/4&#8243;][vc_single_image image=&#8221;17024&#8243; img_size=&#8221;250&#215;220&#8243; alignment=&#8221;center&#8221; qode_css_animation=&#8221;&#8221;][vc_column_text]<\/p>\n<div id=\"gwpa97aecd3\">\n<div id=\"gwpa97aecd3h\">\n<div class=\"gwpa97aecd3b\" data-message-body=\"true\">\n<div style=\"text-align: center;\">\n<div id=\"gwpa97aecd3\">\n<div id=\"gwpa97aecd3h\">\n<div class=\"gwpa97aecd3b\" data-message-body=\"true\">\n<div>\n<div id=\"gwpa97aecd3\">\n<div id=\"gwpa97aecd3h\">\n<div class=\"gwpa97aecd3b\" data-message-body=\"true\">\n<div>\n<div id=\"gwpa97aecd3\">\n<div id=\"gwpa97aecd3h\">\n<div class=\"gwpa97aecd3b\" data-message-body=\"true\">\n<div><a href=\"http:\/\/euro-kam.pl\/materialy\/parapety-wewnetrzne-i-zewnetrzne\/\">PARAPETY WEWN\u0118TRZNE I ZEWN\u0118TRZNE<\/a><\/div>\n<\/div>\n<\/div>\n<\/div>\n<\/div>\n<\/div>\n<\/div>\n<\/div>\n<\/div>\n<\/div>\n<\/div>\n<\/div>\n<\/div>\n<\/div>\n<\/div>\n<\/div>\n<p>[\/vc_column_text][\/vc_column][vc_column width=&#8221;1\/4&#8243;][vc_single_image image=&#8221;16950&#8243; img_size=&#8221;250&#215;220&#8243; alignment=&#8221;center&#8221; qode_css_animation=&#8221;&#8221;][vc_column_text]<\/p>\n<div id=\"gwpa97aecd3\">\n<div id=\"gwpa97aecd3h\">\n<div class=\"gwpa97aecd3b\" data-message-body=\"true\">\n<div style=\"text-align: center;\">\n<div id=\"gwpa97aecd3\">\n<div id=\"gwpa97aecd3h\">\n<div class=\"gwpa97aecd3b\" data-message-body=\"true\">\n<div><a href=\"http:\/\/euro-kam.pl\/materialy\/art-elektryczne\/\">ART. ELEKTRYCZNE<\/a><\/div>\n<\/div>\n<\/div>\n<\/div>\n<\/div>\n<\/div>\n<\/div>\n<\/div>\n<p>[\/vc_column_text][\/vc_column][\/vc_row][vc_row row_type=&#8221;row&#8221; use_row_as_full_screen_section=&#8221;no&#8221; type=&#8221;full_width&#8221; angled_section=&#8221;no&#8221; text_align=&#8221;left&#8221; background_image_as_pattern=&#8221;without_pattern&#8221; css_animation=&#8221;&#8221;][vc_column width=&#8221;1\/4&#8243;][vc_single_image image=&#8221;17055&#8243; img_size=&#8221;250&#215;220&#8243; alignment=&#8221;center&#8221; qode_css_animation=&#8221;&#8221;][vc_column_text]<\/p>\n<p dir=\"ltr\" style=\"text-align: center;\"><a href=\"http:\/\/euro-kam.pl\/materialy\/galanteria-ogrodowa\/\">GALANTERIA OGRODOWA<\/a><\/p>\n<p>[\/vc_column_text][\/vc_column][vc_column width=&#8221;1\/4&#8243;][vc_single_image image=&#8221;17148&#8243; img_size=&#8221;250&#215;220&#8243; alignment=&#8221;center&#8221; qode_css_animation=&#8221;&#8221;][vc_column_text]<\/p>\n<div id=\"gwpa97aecd3\">\n<div id=\"gwpa97aecd3h\">\n<div class=\"gwpa97aecd3b\" data-message-body=\"true\">\n<div style=\"text-align: center;\">\n<div id=\"gwpa97aecd3\">\n<div id=\"gwpa97aecd3h\">\n<div class=\"gwpa97aecd3b\" data-message-body=\"true\">\n<div>\n<div id=\"gwpa97aecd3\">\n<div id=\"gwpa97aecd3h\">\n<div class=\"gwpa97aecd3b\" data-message-body=\"true\">\n<div><a href=\"http:\/\/euro-kam.pl\/materialy\/systemy-wentylacyjne\/\">SYSTEMY WENTYLACYJNE<\/a><\/div>\n<\/div>\n<\/div>\n<\/div>\n<\/div>\n<\/div>\n<\/div>\n<\/div>\n<\/div>\n<\/div>\n<\/div>\n<\/div>\n<p>[\/vc_column_text][\/vc_column][vc_column width=&#8221;1\/4&#8243;][vc_single_image image=&#8221;17159&#8243; img_size=&#8221;250&#215;220&#8243; alignment=&#8221;center&#8221; qode_css_animation=&#8221;&#8221;][vc_column_text]<\/p>\n<div id=\"gwpa97aecd3\">\n<div id=\"gwpa97aecd3h\">\n<div class=\"gwpa97aecd3b\" data-message-body=\"true\">\n<div style=\"text-align: center;\">\n<div id=\"gwpa97aecd3\">\n<div id=\"gwpa97aecd3h\">\n<div class=\"gwpa97aecd3b\" data-message-body=\"true\">\n<div>\n<div id=\"gwpa97aecd3\">\n<div id=\"gwpa97aecd3h\">\n<div class=\"gwpa97aecd3b\" data-message-body=\"true\">\n<div>\n<div id=\"gwpa97aecd3\">\n<div id=\"gwpa97aecd3h\">\n<div class=\"gwpa97aecd3b\" data-message-body=\"true\">\n<div><a href=\"http:\/\/euro-kam.pl\/materialy\/art-metalowe\/\">ART. METALOWE<\/a><\/div>\n<\/div>\n<\/div>\n<\/div>\n<\/div>\n<\/div>\n<\/div>\n<\/div>\n<\/div>\n<\/div>\n<\/div>\n<\/div>\n<\/div>\n<\/div>\n<\/div>\n<\/div>\n<p>[\/vc_column_text][\/vc_column][vc_column width=&#8221;1\/4&#8243;][vc_single_image image=&#8221;17006&#8243; img_size=&#8221;250&#215;220&#8243; alignment=&#8221;center&#8221; qode_css_animation=&#8221;&#8221;][vc_column_text]<\/p>\n<div id=\"gwpa97aecd3\">\n<div id=\"gwpa97aecd3h\">\n<div class=\"gwpa97aecd3b\" data-message-body=\"true\">\n<div style=\"text-align: center;\">\n<div id=\"gwpa97aecd3\">\n<div id=\"gwpa97aecd3h\">\n<div class=\"gwpa97aecd3b\" data-message-body=\"true\">\n<div>\n<div id=\"gwpa97aecd3\">\n<div id=\"gwpa97aecd3h\">\n<div class=\"gwpa97aecd3b\" data-message-body=\"true\">\n<div>\n<div id=\"gwpa97aecd3\">\n<div id=\"gwpa97aecd3h\">\n<div class=\"gwpa97aecd3b\" data-message-body=\"true\">\n<div>\n<div id=\"gwpa97aecd3\">\n<div id=\"gwpa97aecd3h\">\n<div class=\"gwpa97aecd3b\" data-message-body=\"true\">\n<div><a href=\"http:\/\/euro-kam.pl\/materialy\/art-hydrauliczne\/\">ART. HYDRAULICZNE<\/a><\/div>\n<\/div>\n<\/div>\n<\/div>\n<\/div>\n<\/div>\n<\/div>\n<\/div>\n<\/div>\n<\/div>\n<\/div>\n<\/div>\n<\/div>\n<\/div>\n<\/div>\n<\/div>\n<\/div>\n<\/div>\n<\/div>\n<\/div>\n<p>[\/vc_column_text][\/vc_column][\/vc_row][vc_row row_type=&#8221;row&#8221; use_row_as_full_screen_section=&#8221;no&#8221; type=&#8221;full_width&#8221; angled_section=&#8221;no&#8221; text_align=&#8221;left&#8221; background_image_as_pattern=&#8221;without_pattern&#8221; css_animation=&#8221;&#8221;][vc_column width=&#8221;1\/4&#8243;][vc_single_image image=&#8221;17239&#8243; img_size=&#8221;full&#8221; alignment=&#8221;center&#8221; qode_css_animation=&#8221;&#8221;][vc_column_text]<\/p>\n<div id=\"gwpa97aecd3\">\n<div id=\"gwpa97aecd3h\">\n<div class=\"gwpa97aecd3b\" data-message-body=\"true\">\n<div style=\"text-align: center;\">\n<div id=\"gwpa97aecd3\">\n<div id=\"gwpa97aecd3h\">\n<div class=\"gwpa97aecd3b\" data-message-body=\"true\">\n<div><a href=\"http:\/\/euro-kam.pl\/materialy\/ogrzewacze-wody\/\">OGRZEWACZE WODY<\/a><\/div>\n<\/div>\n<\/div>\n<\/div>\n<\/div>\n<\/div>\n<\/div>\n<\/div>\n<p>[\/vc_column_text][\/vc_column][vc_column width=&#8221;1\/4&#8243;][vc_single_image image=&#8221;17154&#8243; img_size=&#8221;250&#215;220&#8243; alignment=&#8221;center&#8221; qode_css_animation=&#8221;&#8221;][vc_column_text]<\/p>\n<div id=\"gwpa97aecd3\">\n<div id=\"gwpa97aecd3h\">\n<div class=\"gwpa97aecd3b\" data-message-body=\"true\">\n<div style=\"text-align: center;\">\n<div id=\"gwpa97aecd3\">\n<div id=\"gwpa97aecd3h\">\n<div class=\"gwpa97aecd3b\" data-message-body=\"true\">\n<div>\n<div id=\"gwpa97aecd3\">\n<div id=\"gwpa97aecd3h\">\n<div class=\"gwpa97aecd3b\" data-message-body=\"true\">\n<div><a href=\"http:\/\/euro-kam.pl\/materialy\/instalacje-wodne-rury-pcv-rury-pepp\/\">INSTALACJE WODNE RURY PCV, RURY, PE,PP<\/a><\/div>\n<\/div>\n<\/div>\n<\/div>\n<\/div>\n<\/div>\n<\/div>\n<\/div>\n<\/div>\n<\/div>\n<\/div>\n<\/div>\n<p>[\/vc_column_text][\/vc_column][vc_column width=&#8221;1\/4&#8243;][vc_single_image image=&#8221;16997&#8243; img_size=&#8221;250&#215;220&#8243; alignment=&#8221;center&#8221; qode_css_animation=&#8221;&#8221;][vc_column_text]<\/p>\n<div id=\"gwpa97aecd3\">\n<div id=\"gwpa97aecd3h\">\n<div class=\"gwpa97aecd3b\" data-message-body=\"true\">\n<div style=\"text-align: center;\">\n<div id=\"gwpa97aecd3\">\n<div id=\"gwpa97aecd3h\">\n<div class=\"gwpa97aecd3b\" data-message-body=\"true\">\n<div>\n<div id=\"gwpa97aecd3\">\n<div id=\"gwpa97aecd3h\">\n<div class=\"gwpa97aecd3b\" data-message-body=\"true\">\n<div>\n<div id=\"gwpa97aecd3\">\n<div id=\"gwpa97aecd3h\">\n<div class=\"gwpa97aecd3b\" data-message-body=\"true\">\n<div><a href=\"http:\/\/euro-kam.pl\/materialy\/wykonczenie\/\">WYKO\u0143CZENIE<\/a><\/div>\n<\/div>\n<\/div>\n<\/div>\n<\/div>\n<\/div>\n<\/div>\n<\/div>\n<\/div>\n<\/div>\n<\/div>\n<\/div>\n<\/div>\n<\/div>\n<\/div>\n<\/div>\n<p>[\/vc_column_text][\/vc_column][vc_column width=&#8221;1\/4&#8243;][vc_single_image image=&#8221;17208&#8243; img_size=&#8221;250&#215;220&#8243; alignment=&#8221;center&#8221; qode_css_animation=&#8221;&#8221;][vc_column_text]<\/p>\n<div id=\"gwpa97aecd3\">\n<div id=\"gwpa97aecd3h\">\n<div class=\"gwpa97aecd3b\" data-message-body=\"true\">\n<div style=\"text-align: center;\">\n<div id=\"gwpa97aecd3\">\n<div id=\"gwpa97aecd3h\">\n<div class=\"gwpa97aecd3b\" data-message-body=\"true\">\n<div>\n<div id=\"gwpa97aecd3\">\n<div id=\"gwpa97aecd3h\">\n<div class=\"gwpa97aecd3b\" data-message-body=\"true\">\n<div>\n<div id=\"gwpa97aecd3\">\n<div id=\"gwpa97aecd3h\">\n<div class=\"gwpa97aecd3b\" data-message-body=\"true\">\n<div>\n<div id=\"gwpa97aecd3\">\n<div id=\"gwpa97aecd3h\">\n<div class=\"gwpa97aecd3b\" data-message-body=\"true\">\n<div><a href=\"http:\/\/euro-kam.pl\/materialy\/pokrycia-dachowe\/\">POKRYCIA DACHOWE<\/a><\/div>\n<\/div>\n<\/div>\n<\/div>\n<\/div>\n<\/div>\n<\/div>\n<\/div>\n<\/div>\n<\/div>\n<\/div>\n<\/div>\n<\/div>\n<\/div>\n<\/div>\n<\/div>\n<\/div>\n<\/div>\n<\/div>\n<\/div>\n<p>[\/vc_column_text][\/vc_column][\/vc_row][vc_row row_type=&#8221;row&#8221; use_row_as_full_screen_section=&#8221;no&#8221; type=&#8221;full_width&#8221; angled_section=&#8221;no&#8221; text_align=&#8221;left&#8221; background_image_as_pattern=&#8221;without_pattern&#8221; css_animation=&#8221;&#8221;][vc_column width=&#8221;1\/4&#8243;][vc_single_image image=&#8221;16913&#8243; img_size=&#8221;250&#215;220&#8243; alignment=&#8221;center&#8221; qode_css_animation=&#8221;&#8221;][vc_column_text]<\/p>\n<div id=\"gwpa97aecd3\">\n<div id=\"gwpa97aecd3h\">\n<div class=\"gwpa97aecd3b\" data-message-body=\"true\">\n<div style=\"text-align: center;\">\n<div id=\"gwpa97aecd3\">\n<div id=\"gwpa97aecd3h\">\n<div class=\"gwpa97aecd3b\" data-message-body=\"true\">\n<div><a href=\"http:\/\/euro-kam.pl\/materialy\/narzedzia\/\">NARZ\u0118DZIA<\/a><\/div>\n<\/div>\n<\/div>\n<\/div>\n<\/div>\n<\/div>\n<\/div>\n<\/div>\n<p>[\/vc_column_text][\/vc_column][vc_column width=&#8221;1\/4&#8243;][vc_single_image image=&#8221;17042&#8243; img_size=&#8221;250&#215;220&#8243; alignment=&#8221;center&#8221; qode_css_animation=&#8221;&#8221;][vc_column_text]<\/p>\n<div id=\"gwpa97aecd3\">\n<div id=\"gwpa97aecd3h\">\n<div class=\"gwpa97aecd3b\" data-message-body=\"true\">\n<div style=\"text-align: center;\">\n<div id=\"gwpa97aecd3\">\n<div id=\"gwpa97aecd3h\">\n<div class=\"gwpa97aecd3b\" data-message-body=\"true\">\n<div>\n<div id=\"gwpa97aecd3\">\n<div id=\"gwpa97aecd3h\">\n<div class=\"gwpa97aecd3b\" data-message-body=\"true\">\n<div><a href=\"http:\/\/euro-kam.pl\/materialy\/wyposazenie-lazienki\/\">WYPOSA\u017bENIE \u0141AZIENKI<\/a><\/div>\n<\/div>\n<\/div>\n<\/div>\n<\/div>\n<\/div>\n<\/div>\n<\/div>\n<\/div>\n<\/div>\n<\/div>\n<\/div>\n<p>[\/vc_column_text][\/vc_column][vc_column width=&#8221;1\/4&#8243;][vc_single_image image=&#8221;16966&#8243; img_size=&#8221;250&#215;220&#8243; alignment=&#8221;center&#8221; qode_css_animation=&#8221;&#8221;][vc_column_text]<\/p>\n<div id=\"gwpa97aecd3\">\n<div id=\"gwpa97aecd3h\">\n<div class=\"gwpa97aecd3b\" data-message-body=\"true\">\n<div style=\"text-align: center;\">\n<div id=\"gwpa97aecd3\">\n<div id=\"gwpa97aecd3h\">\n<div class=\"gwpa97aecd3b\" data-message-body=\"true\">\n<div>\n<div id=\"gwpa97aecd3\">\n<div id=\"gwpa97aecd3h\">\n<div class=\"gwpa97aecd3b\" data-message-body=\"true\">\n<div>\n<div id=\"gwpa97aecd3\">\n<div id=\"gwpa97aecd3h\">\n<div class=\"gwpa97aecd3b\" data-message-body=\"true\">\n<div><a href=\"http:\/\/euro-kam.pl\/materialy\/art-bhp-ubrania-i-obuwie-robocze\/\">ART. BHP UBRANIA I OBUWIE ROBOCZE<\/a><\/div>\n<\/div>\n<\/div>\n<\/div>\n<\/div>\n<\/div>\n<\/div>\n<\/div>\n<\/div>\n<\/div>\n<\/div>\n<\/div>\n<\/div>\n<\/div>\n<\/div>\n<\/div>\n<p>[\/vc_column_text][\/vc_column][vc_column width=&#8221;1\/4&#8243;][vc_single_image image=&#8221;16931&#8243; img_size=&#8221;250&#215;220&#8243; alignment=&#8221;center&#8221; qode_css_animation=&#8221;&#8221;][vc_column_text]<\/p>\n<div id=\"gwpa97aecd3\">\n<div id=\"gwpa97aecd3h\">\n<div class=\"gwpa97aecd3b\" data-message-body=\"true\">\n<div style=\"text-align: center;\">\n<div id=\"gwpa97aecd3\">\n<div id=\"gwpa97aecd3h\">\n<div class=\"gwpa97aecd3b\" data-message-body=\"true\">\n<div>\n<div id=\"gwpa97aecd3\">\n<div id=\"gwpa97aecd3h\">\n<div class=\"gwpa97aecd3b\" data-message-body=\"true\">\n<div>\n<div id=\"gwpa97aecd3\">\n<div id=\"gwpa97aecd3h\">\n<div class=\"gwpa97aecd3b\" data-message-body=\"true\">\n<div>\n<div id=\"gwpa97aecd3\">\n<div id=\"gwpa97aecd3h\">\n<div class=\"gwpa97aecd3b\" data-message-body=\"true\">\n<div><a href=\"http:\/\/euro-kam.pl\/materialy\/drewno-budowlane-i-ogrodowe\/\">DREWNO BUDOWLANE I OGRODOWE<\/a><\/div>\n<\/div>\n<\/div>\n<\/div>\n<\/div>\n<\/div>\n<\/div>\n<\/div>\n<\/div>\n<\/div>\n<\/div>\n<\/div>\n<\/div>\n<\/div>\n<\/div>\n<\/div>\n<\/div>\n<\/div>\n<\/div>\n<\/div>\n<p>[\/vc_column_text][\/vc_column][\/vc_row][vc_row row_type=&#8221;row&#8221; use_row_as_full_screen_section=&#8221;no&#8221; type=&#8221;full_width&#8221; angled_section=&#8221;no&#8221; text_align=&#8221;left&#8221; background_image_as_pattern=&#8221;without_pattern&#8221; css_animation=&#8221;&#8221;][vc_column width=&#8221;1\/4&#8243;][vc_single_image image=&#8221;17185&#8243; img_size=&#8221;250&#215;220&#8243; alignment=&#8221;center&#8221; qode_css_animation=&#8221;&#8221;][vc_column_text]<\/p>\n<div id=\"gwpa97aecd3\">\n<div id=\"gwpa97aecd3h\">\n<div class=\"gwpa97aecd3b\" data-message-body=\"true\">\n<div style=\"text-align: center;\">\n<div id=\"gwpa97aecd3\">\n<div id=\"gwpa97aecd3h\">\n<div class=\"gwpa97aecd3b\" data-message-body=\"true\">\n<div><a href=\"http:\/\/euro-kam.pl\/materialy\/stolarka-drzwiowa\/\">STOLARKA DRZWIOWA<\/a><\/div>\n<\/div>\n<\/div>\n<\/div>\n<\/div>\n<\/div>\n<\/div>\n<\/div>\n<p>[\/vc_column_text][\/vc_column][vc_column width=&#8221;1\/4&#8243;][vc_single_image image=&#8221;17046&#8243; img_size=&#8221;250&#215;220&#8243; alignment=&#8221;center&#8221; qode_css_animation=&#8221;&#8221;][vc_column_text]<\/p>\n<div id=\"gwpa97aecd3\">\n<div id=\"gwpa97aecd3h\">\n<div class=\"gwpa97aecd3b\" data-message-body=\"true\">\n<div style=\"text-align: center;\">\n<div id=\"gwpa97aecd3\">\n<div id=\"gwpa97aecd3h\">\n<div class=\"gwpa97aecd3b\" data-message-body=\"true\">\n<div>\n<div id=\"gwpa97aecd3\">\n<div id=\"gwpa97aecd3h\">\n<div class=\"gwpa97aecd3b\" data-message-body=\"true\">\n<div><a href=\"http:\/\/euro-kam.pl\/materialy\/ogrod-i-narzedzia-ogrodnicze\/\">OGR\u00d3D I NARZ\u0118DZIA OGRODNICZE<\/a><\/div>\n<\/div>\n<\/div>\n<\/div>\n<\/div>\n<\/div>\n<\/div>\n<\/div>\n<\/div>\n<\/div>\n<\/div>\n<\/div>\n<p>[\/vc_column_text][\/vc_column][vc_column width=&#8221;1\/4&#8243;][vc_single_image image=&#8221;16983&#8243; img_size=&#8221;250&#215;220&#8243; alignment=&#8221;center&#8221; qode_css_animation=&#8221;&#8221;][vc_column_text]<\/p>\n<div id=\"gwpa97aecd3\">\n<div id=\"gwpa97aecd3h\">\n<div class=\"gwpa97aecd3b\" data-message-body=\"true\">\n<div style=\"text-align: center;\">\n<div id=\"gwpa97aecd3\">\n<div id=\"gwpa97aecd3h\">\n<div class=\"gwpa97aecd3b\" data-message-body=\"true\">\n<div>\n<div id=\"gwpa97aecd3\">\n<div id=\"gwpa97aecd3h\">\n<div class=\"gwpa97aecd3b\" data-message-body=\"true\">\n<div>\n<div id=\"gwpa97aecd3\">\n<div id=\"gwpa97aecd3h\">\n<div class=\"gwpa97aecd3b\" data-message-body=\"true\">\n<div><a href=\"http:\/\/euro-kam.pl\/materialy\/art-gospodarstwa-domowego\/\">ART. GOSPODARSTWA DOMOWEGO<\/a><\/div>\n<\/div>\n<\/div>\n<\/div>\n<\/div>\n<\/div>\n<\/div>\n<\/div>\n<\/div>\n<\/div>\n<\/div>\n<\/div>\n<\/div>\n<\/div>\n<\/div>\n<\/div>\n<p>[\/vc_column_text][\/vc_column][vc_column width=&#8221;1\/4&#8243;][vc_single_image image=&#8221;17028&#8243; img_size=&#8221;250&#215;220&#8243; alignment=&#8221;center&#8221; qode_css_animation=&#8221;&#8221;][vc_column_text]<\/p>\n<div id=\"gwpa97aecd3\">\n<div id=\"gwpa97aecd3h\">\n<div class=\"gwpa97aecd3b\" data-message-body=\"true\">\n<div style=\"text-align: center;\">\n<div id=\"gwpa97aecd3\">\n<div id=\"gwpa97aecd3h\">\n<div class=\"gwpa97aecd3b\" data-message-body=\"true\">\n<div>\n<div id=\"gwpa97aecd3\">\n<div id=\"gwpa97aecd3h\">\n<div class=\"gwpa97aecd3b\" data-message-body=\"true\">\n<div>\n<div id=\"gwpa97aecd3\">\n<div id=\"gwpa97aecd3h\">\n<div class=\"gwpa97aecd3b\" data-message-body=\"true\">\n<div>\n<div id=\"gwpa97aecd3\">\n<div id=\"gwpa97aecd3h\">\n<div class=\"gwpa97aecd3b\" data-message-body=\"true\">\n<div><a href=\"http:\/\/euro-kam.pl\/materialy\/chemia-gospodarcza\/\">CHEMIA GOSPODARCZA<\/a><\/div>\n<\/div>\n<\/div>\n<\/div>\n<\/div>\n<\/div>\n<\/div>\n<\/div>\n<\/div>\n<\/div>\n<\/div>\n<\/div>\n<\/div>\n<\/div>\n<\/div>\n<\/div>\n<\/div>\n<\/div>\n<\/div>\n<\/div>\n<p>[\/vc_column_text][\/vc_column][\/vc_row][vc_row row_type=&#8221;row&#8221; use_row_as_full_screen_section=&#8221;no&#8221; type=&#8221;full_width&#8221; angled_section=&#8221;no&#8221; text_align=&#8221;left&#8221; background_image_as_pattern=&#8221;without_pattern&#8221; css_animation=&#8221;&#8221;][vc_column width=&#8221;1\/4&#8243;][vc_single_image image=&#8221;17161&#8243; img_size=&#8221;250&#215;220&#8243; alignment=&#8221;center&#8221; qode_css_animation=&#8221;&#8221;][vc_column_text]<\/p>\n<div id=\"gwpa97aecd3\">\n<div id=\"gwpa97aecd3h\">\n<div class=\"gwpa97aecd3b\" data-message-body=\"true\">\n<div style=\"text-align: center;\">\n<div id=\"gwpa97aecd3\">\n<div id=\"gwpa97aecd3h\">\n<div class=\"gwpa97aecd3b\" data-message-body=\"true\">\n<div><a href=\"http:\/\/euro-kam.pl\/materialy\/art-dekoracyjne\/\">ART. DEKORACYJNE<\/a><\/div>\n<\/div>\n<\/div>\n<\/div>\n<\/div>\n<\/div>\n<\/div>\n<\/div>\n<p>[\/vc_column_text][\/vc_column][vc_column width=&#8221;1\/4&#8243;][vc_single_image image=&#8221;17221&#8243; img_size=&#8221;250&#215;220&#8243; alignment=&#8221;center&#8221; qode_css_animation=&#8221;&#8221;][vc_column_text]<\/p>\n<div id=\"gwpa97aecd3\">\n<div id=\"gwpa97aecd3h\">\n<div class=\"gwpa97aecd3b\" data-message-body=\"true\">\n<div style=\"text-align: center;\">\n<div id=\"gwpa97aecd3\">\n<div id=\"gwpa97aecd3h\">\n<div class=\"gwpa97aecd3b\" data-message-body=\"true\">\n<div><a href=\"http:\/\/euro-kam.pl\/materialy\/karma-i-akcesoria-dla-zwierzat\/\">KARMA I AKCESORIA DLA ZWIERZ\u0104T<\/a><\/div>\n<\/div>\n<\/div>\n<\/div>\n<\/div>\n<\/div>\n<\/div>\n<\/div>\n<p>[\/vc_column_text][\/vc_column][vc_column width=&#8221;1\/4&#8243;][\/vc_column][vc_column width=&#8221;1\/4&#8243;][\/vc_column][\/vc_row]<\/p>\n<\/div>","protected":false},"excerpt":{"rendered":"<p>[vc_row row_type=&#8221;row&#8221; use_row_as_full_screen_section=&#8221;no&#8221; type=&#8221;full_width&#8221; angled_section=&#8221;no&#8221; text_align=&#8221;left&#8221; background_image_as_pattern=&#8221;without_pattern&#8221; css_animation=&#8221;&#8221;][vc_column width=&#8221;1\/2&#8243;][vc_single_image image=&#8221;16819&#8243; img_size=&#8221;500&#215;282&#8243; qode_css_animation=&#8221;&#8221;][\/vc_column][vc_column width=&#8221;1\/2&#8243;][vc_column_text]Euro-KAM to tak\u017ce sk\u0142ad materia\u0142\u00f3w budowlanych. Ju\u017c od 15 lat zapewniamy Pa\u0144stwu materia\u0142y budowlane niezb\u0119dne do przeprowadzenia remontu, czy te\u017c uko\u0144czenia budowy. Sta\u0142ym Odbiorcom proponujemy najni\u017csze ceny, upusty, a tak\u017ce dogodne warunki p\u0142atno\u015bci&#8230;.<\/p>\n","protected":false},"author":1,"featured_media":0,"parent":0,"menu_order":0,"comment_status":"closed","ping_status":"closed","template":"","meta":{"content-type":"","footnotes":""},"class_list":["post-16574","page","type-page","status-publish","hentry"],"_links":{"self":[{"href":"http:\/\/euro-kam.pl\/materialy\/wp-json\/wp\/v2\/pages\/16574","targetHints":{"allow":["GET"]}}],"collection":[{"href":"http:\/\/euro-kam.pl\/materialy\/wp-json\/wp\/v2\/pages"}],"about":[{"href":"http:\/\/euro-kam.pl\/materialy\/wp-json\/wp\/v2\/types\/page"}],"author":[{"embeddable":true,"href":"http:\/\/euro-kam.pl\/materialy\/wp-json\/wp\/v2\/users\/1"}],"replies":[{"embeddable":true,"href":"http:\/\/euro-kam.pl\/materialy\/wp-json\/wp\/v2\/comments?post=16574"}],"version-history":[{"count":56,"href":"http:\/\/euro-kam.pl\/materialy\/wp-json\/wp\/v2\/pages\/16574\/revisions"}],"predecessor-version":[{"id":17241,"href":"http:\/\/euro-kam.pl\/materialy\/wp-json\/wp\/v2\/pages\/16574\/revisions\/17241"}],"wp:attachment":[{"href":"http:\/\/euro-kam.pl\/materialy\/wp-json\/wp\/v2\/media?parent=16574"}],"curies":[{"name":"wp","href":"https:\/\/api.w.org\/{rel}","templated":true}]}}