{"id":16576,"date":"2018-08-23T15:16:36","date_gmt":"2018-08-23T15:16:36","guid":{"rendered":"http:\/\/vu3286.vinao.pl\/materialy\/?page_id=16576"},"modified":"2023-06-29T07:44:48","modified_gmt":"2023-06-29T07:44:48","slug":"opal","status":"publish","type":"page","link":"http:\/\/euro-kam.pl\/materialy\/opal\/","title":{"rendered":"Opa\u0142"},"content":{"rendered":"<div class=\"wpb-content-wrapper\"><p>[vc_row row_type=&#8221;row&#8221; use_row_as_full_screen_section=&#8221;no&#8221; type=&#8221;full_width&#8221; angled_section=&#8221;no&#8221; text_align=&#8221;left&#8221; background_image_as_pattern=&#8221;without_pattern&#8221; css_animation=&#8221;&#8221; el_id=&#8221;W\u0119giel&#8221;][vc_column width=&#8221;1\/2&#8243;][vc_single_image image=&#8221;17272&#8243; img_size=&#8221;full&#8221; qode_css_animation=&#8221;&#8221;][\/vc_column][vc_column width=&#8221;1\/2&#8243;][vc_column_text]<\/p>\n<h2>W\u0119giel<\/h2>\n<div id=\"gwp6118fe61\">\n<div id=\"gwp6118fe61h\">\n<div class=\"gwp6118fe61b\">\n<div class=\"gwp6118fe61_wpb_text_column gwp6118fe61_wpb_content_element\">\n<div class=\"gwp6118fe61_wpb_wrapper\">\n<p>Zapewniamy najwy\u017cszej jako\u015bci opa\u0142, pochodz\u0105cy z najlepszych kopal\u0144. Dla potwierdzenia informacji jeste\u015bmy w stanie przedstawi\u0107 certyfikaty jako\u015bci na ka\u017cd\u0105 dostaw\u0119. Oferujemy transport do Klienta.<\/p><\/div>\n<\/div>\n<\/div>\n<\/div>\n<\/div>\n<p>[\/vc_column_text][vc_gallery type=&#8221;image_grid&#8221; images=&#8221;16653,16654&#8243; img_size=&#8221;300&#215;200&#8243; column_number=&#8221;2&#8243; grayscale=&#8221;no&#8221; images_space=&#8221;gallery_with_space&#8221;][vc_gallery type=&#8221;image_grid&#8221; images=&#8221;17269,17270&#8243; img_size=&#8221;300&#215;200&#8243; column_number=&#8221;2&#8243; grayscale=&#8221;no&#8221; images_space=&#8221;gallery_with_space&#8221;][\/vc_column][\/vc_row][vc_row row_type=&#8221;row&#8221; use_row_as_full_screen_section=&#8221;no&#8221; type=&#8221;full_width&#8221; angled_section=&#8221;no&#8221; text_align=&#8221;left&#8221; background_image_as_pattern=&#8221;without_pattern&#8221; css_animation=&#8221;&#8221;][vc_column][vc_separator type=&#8221;normal&#8221;][\/vc_column][\/vc_row][vc_row row_type=&#8221;row&#8221; use_row_as_full_screen_section=&#8221;no&#8221; type=&#8221;full_width&#8221; angled_section=&#8221;no&#8221; text_align=&#8221;left&#8221; background_image_as_pattern=&#8221;without_pattern&#8221; css_animation=&#8221;&#8221;][vc_column width=&#8221;1\/2&#8243;][vc_single_image image=&#8221;16732&#8243; img_size=&#8221;350&#215;350&#8243; alignment=&#8221;center&#8221; qode_css_animation=&#8221;&#8221;][\/vc_column][vc_column width=&#8221;1\/2&#8243;][vc_column_text]<\/p>\n<h2>100% Drzewo Sosnowe<\/h2>\n<ul>\n<li>15 kg<\/li>\n<li>warto\u015b\u0107 opa\u0142owa 18-19 kJ\/kg<\/li>\n<li>zawarto\u015b\u0107 popio\u0142u 0,4%0,6%<\/li>\n<li>uziarnienie 6 mm<\/li>\n<\/ul>\n<p>[\/vc_column_text][\/vc_column][\/vc_row][vc_row row_type=&#8221;row&#8221; use_row_as_full_screen_section=&#8221;no&#8221; type=&#8221;full_width&#8221; angled_section=&#8221;no&#8221; text_align=&#8221;left&#8221; background_image_as_pattern=&#8221;without_pattern&#8221; css_animation=&#8221;&#8221;][vc_column][vc_separator type=&#8221;normal&#8221;][\/vc_column][\/vc_row][vc_row row_type=&#8221;row&#8221; use_row_as_full_screen_section=&#8221;no&#8221; type=&#8221;full_width&#8221; angled_section=&#8221;no&#8221; text_align=&#8221;left&#8221; background_image_as_pattern=&#8221;without_pattern&#8221; css_animation=&#8221;&#8221;][vc_column][vc_separator type=&#8221;normal&#8221;][\/vc_column][\/vc_row][vc_row row_type=&#8221;row&#8221; use_row_as_full_screen_section=&#8221;no&#8221; type=&#8221;full_width&#8221; angled_section=&#8221;no&#8221; text_align=&#8221;left&#8221; background_image_as_pattern=&#8221;without_pattern&#8221; css_animation=&#8221;&#8221;][vc_column][vc_separator type=&#8221;normal&#8221;][\/vc_column][\/vc_row][vc_row row_type=&#8221;row&#8221; use_row_as_full_screen_section=&#8221;no&#8221; type=&#8221;full_width&#8221; angled_section=&#8221;no&#8221; text_align=&#8221;left&#8221; background_image_as_pattern=&#8221;without_pattern&#8221; css_animation=&#8221;&#8221;][vc_column width=&#8221;1\/2&#8243;][vc_single_image image=&#8221;16662&#8243; img_size=&#8221;350&#215;350&#8243; alignment=&#8221;center&#8221; onclick=&#8221;link_image&#8221; qode_css_animation=&#8221;&#8221; qode_hover_animation=&#8221;zoom_in&#8221;][\/vc_column][vc_column width=&#8221;1\/2&#8243;][vc_column_text]<\/p>\n<h2>Orzech<\/h2>\n<p>[\/vc_column_text][\/vc_column][\/vc_row][vc_row row_type=&#8221;row&#8221; use_row_as_full_screen_section=&#8221;no&#8221; type=&#8221;full_width&#8221; angled_section=&#8221;no&#8221; text_align=&#8221;left&#8221; background_image_as_pattern=&#8221;without_pattern&#8221; css_animation=&#8221;&#8221;][vc_column][vc_separator type=&#8221;normal&#8221;][\/vc_column][\/vc_row][vc_row row_type=&#8221;row&#8221; use_row_as_full_screen_section=&#8221;no&#8221; type=&#8221;full_width&#8221; angled_section=&#8221;no&#8221; text_align=&#8221;left&#8221; background_image_as_pattern=&#8221;without_pattern&#8221; css_animation=&#8221;&#8221;][vc_column][vc_separator type=&#8221;normal&#8221;][\/vc_column][\/vc_row][vc_row row_type=&#8221;row&#8221; use_row_as_full_screen_section=&#8221;no&#8221; type=&#8221;full_width&#8221; angled_section=&#8221;no&#8221; text_align=&#8221;left&#8221; background_image_as_pattern=&#8221;without_pattern&#8221; css_animation=&#8221;&#8221;][vc_column width=&#8221;1\/2&#8243;][vc_single_image image=&#8221;16665&#8243; img_size=&#8221;350&#215;350&#8243; alignment=&#8221;center&#8221; onclick=&#8221;link_image&#8221; qode_css_animation=&#8221;&#8221; qode_hover_animation=&#8221;zoom_in&#8221;][\/vc_column][vc_column width=&#8221;1\/2&#8243;][vc_column_text]<\/p>\n<h2>Kostka<\/h2>\n<p>[\/vc_column_text][\/vc_column][\/vc_row][vc_row row_type=&#8221;row&#8221; use_row_as_full_screen_section=&#8221;no&#8221; type=&#8221;full_width&#8221; angled_section=&#8221;no&#8221; text_align=&#8221;left&#8221; background_image_as_pattern=&#8221;without_pattern&#8221; css_animation=&#8221;&#8221;][vc_column][vc_separator type=&#8221;normal&#8221;][\/vc_column][\/vc_row][vc_row row_type=&#8221;row&#8221; use_row_as_full_screen_section=&#8221;no&#8221; type=&#8221;full_width&#8221; angled_section=&#8221;no&#8221; text_align=&#8221;left&#8221; background_image_as_pattern=&#8221;without_pattern&#8221; css_animation=&#8221;&#8221;][vc_column width=&#8221;1\/2&#8243;][vc_single_image image=&#8221;17267&#8243; img_size=&#8221;350&#215;350&#8243; alignment=&#8221;center&#8221; qode_css_animation=&#8221;&#8221;][\/vc_column][vc_column width=&#8221;1\/2&#8243;][vc_column_text]<\/p>\n<h2>Ekogroszek<\/h2>\n<p>[\/vc_column_text][\/vc_column][\/vc_row][vc_row row_type=&#8221;row&#8221; use_row_as_full_screen_section=&#8221;no&#8221; type=&#8221;full_width&#8221; angled_section=&#8221;no&#8221; text_align=&#8221;left&#8221; background_image_as_pattern=&#8221;without_pattern&#8221; css_animation=&#8221;&#8221;][vc_column][vc_separator type=&#8221;normal&#8221;][\/vc_column][\/vc_row]<\/p>\n<\/div>","protected":false},"excerpt":{"rendered":"<p>[vc_row row_type=&#8221;row&#8221; use_row_as_full_screen_section=&#8221;no&#8221; type=&#8221;full_width&#8221; angled_section=&#8221;no&#8221; text_align=&#8221;left&#8221; background_image_as_pattern=&#8221;without_pattern&#8221; css_animation=&#8221;&#8221; el_id=&#8221;W\u0119giel&#8221;][vc_column width=&#8221;1\/2&#8243;][vc_single_image image=&#8221;17272&#8243; img_size=&#8221;full&#8221; qode_css_animation=&#8221;&#8221;][\/vc_column][vc_column width=&#8221;1\/2&#8243;][vc_column_text] W\u0119giel Zapewniamy najwy\u017cszej jako\u015bci opa\u0142, pochodz\u0105cy z najlepszych kopal\u0144. Dla potwierdzenia informacji jeste\u015bmy w stanie przedstawi\u0107 certyfikaty jako\u015bci na ka\u017cd\u0105 dostaw\u0119. Oferujemy transport do Klienta. [\/vc_column_text][vc_gallery type=&#8221;image_grid&#8221; images=&#8221;16653,16654&#8243; img_size=&#8221;300&#215;200&#8243; column_number=&#8221;2&#8243; grayscale=&#8221;no&#8221;&#8230;<\/p>\n","protected":false},"author":1,"featured_media":0,"parent":0,"menu_order":0,"comment_status":"closed","ping_status":"closed","template":"","meta":{"content-type":"","footnotes":""},"class_list":["post-16576","page","type-page","status-publish","hentry"],"_links":{"self":[{"href":"http:\/\/euro-kam.pl\/materialy\/wp-json\/wp\/v2\/pages\/16576","targetHints":{"allow":["GET"]}}],"collection":[{"href":"http:\/\/euro-kam.pl\/materialy\/wp-json\/wp\/v2\/pages"}],"about":[{"href":"http:\/\/euro-kam.pl\/materialy\/wp-json\/wp\/v2\/types\/page"}],"author":[{"embeddable":true,"href":"http:\/\/euro-kam.pl\/materialy\/wp-json\/wp\/v2\/users\/1"}],"replies":[{"embeddable":true,"href":"http:\/\/euro-kam.pl\/materialy\/wp-json\/wp\/v2\/comments?post=16576"}],"version-history":[{"count":47,"href":"http:\/\/euro-kam.pl\/materialy\/wp-json\/wp\/v2\/pages\/16576\/revisions"}],"predecessor-version":[{"id":17279,"href":"http:\/\/euro-kam.pl\/materialy\/wp-json\/wp\/v2\/pages\/16576\/revisions\/17279"}],"wp:attachment":[{"href":"http:\/\/euro-kam.pl\/materialy\/wp-json\/wp\/v2\/media?parent=16576"}],"curies":[{"name":"wp","href":"https:\/\/api.w.org\/{rel}","templated":true}]}}