{"id":16578,"date":"2018-08-23T15:17:09","date_gmt":"2018-08-23T15:17:09","guid":{"rendered":"http:\/\/vu3286.vinao.pl\/transport\/?page_id=16578"},"modified":"2024-04-03T10:34:14","modified_gmt":"2024-04-03T10:34:14","slug":"kontakt","status":"publish","type":"page","link":"http:\/\/euro-kam.pl\/transport\/kontakt\/","title":{"rendered":"Kontakt"},"content":{"rendered":"<div class=\"wpb-content-wrapper\"><p>[vc_row row_type=&#8221;row&#8221; use_row_as_full_screen_section=&#8221;no&#8221; type=&#8221;full_width&#8221; angled_section=&#8221;no&#8221; text_align=&#8221;center&#8221; background_image_as_pattern=&#8221;without_pattern&#8221; css_animation=&#8221;&#8221;][vc_column width=&#8221;1\/2&#8243;][vc_single_image image=&#8221;16673&#8243; img_size=&#8221;350&#215;350&#8243; alignment=&#8221;center&#8221; qode_css_animation=&#8221;&#8221; qode_hover_animation=&#8221;zoom_in&#8221;][\/vc_column][vc_column width=&#8221;1\/2&#8243;][vc_column_text]<strong>Biuro:<\/strong><\/p>\n<p>46-250 Wo\u0142czyn, ul. Kluczborska 60C<br \/>\nTel. <a href=\"tel:774145331\">77 414 53 31<\/a><br \/>\nTel.\/fax 77 418 97 53<\/p>\n<p>od poniedzia\u0142ku do pi\u0105tku: 7:00 &#8211; 15:00<br \/>\n<strong><br \/>\nE-mail<\/strong><br \/>\n<u><a href=\"mailto:eurokamwolczyn@wp.pl\">eurokamwolczyn@wp.pl<br \/>\n<\/a><\/u><\/p>\n<p>NIP 751 100 08 90<br \/>\nREGON 530 77 24 71[\/vc_column_text][\/vc_column][\/vc_row][vc_row row_type=&#8221;row&#8221; use_row_as_full_screen_section=&#8221;no&#8221; type=&#8221;full_width&#8221; angled_section=&#8221;no&#8221; text_align=&#8221;left&#8221; background_image_as_pattern=&#8221;without_pattern&#8221; css_animation=&#8221;&#8221;][vc_column][vc_separator type=&#8221;normal&#8221;][\/vc_column][\/vc_row][vc_row row_type=&#8221;row&#8221; use_row_as_full_screen_section=&#8221;no&#8221; type=&#8221;full_width&#8221; angled_section=&#8221;no&#8221; text_align=&#8221;center&#8221; background_image_as_pattern=&#8221;without_pattern&#8221; css_animation=&#8221;&#8221;][vc_column width=&#8221;1\/2&#8243;][vc_column_text]<strong>Sk\u0142ad opa\u0142u, sklep:<\/strong><\/p>\n<p>46-250 Wo\u0142czyn, ul. Kluczborska 60C<br \/>\nTel. <strong><a href=\"tel:774073380\">77 407 33 80<\/a><br \/>\n<\/strong>Tel.<strong> kom. 660 667 281<\/strong><\/p>\n<p>od poniedzia\u0142ku do pi\u0105tku: 7:00 &#8211; 17:00<br \/>\nw soboty: 7:30 &#8211; 14:00[\/vc_column_text][\/vc_column][vc_column width=&#8221;1\/2&#8243;][vc_column_text]<strong>Transport:<br \/>\n<\/strong><br \/>\n46-262 Ska\u0142\u0105gi, ul. Parkowa 6<br \/>\n77 414 12 88<br \/>\n<strong><br \/>\nE-mail:<br \/>\n<a href=\"mailto:euro-kam@wp.pl\">euro-kam@wp.pl<\/a><\/strong>[\/vc_column_text][\/vc_column][\/vc_row][vc_row row_type=&#8221;row&#8221; use_row_as_full_screen_section=&#8221;no&#8221; type=&#8221;full_width&#8221; angled_section=&#8221;no&#8221; text_align=&#8221;left&#8221; background_image_as_pattern=&#8221;without_pattern&#8221; css_animation=&#8221;&#8221;][vc_column][vc_separator type=&#8221;normal&#8221;][\/vc_column][\/vc_row][vc_row row_type=&#8221;row&#8221; use_row_as_full_screen_section=&#8221;no&#8221; type=&#8221;full_width&#8221; angled_section=&#8221;no&#8221; text_align=&#8221;center&#8221; background_image_as_pattern=&#8221;without_pattern&#8221; css_animation=&#8221;&#8221;][vc_column][vc_column_text]\n<div class=\"wpcf7 no-js\" id=\"wpcf7-f16681-o1\" lang=\"pl-PL\" dir=\"ltr\" data-wpcf7-id=\"16681\">\n<div class=\"screen-reader-response\"><p role=\"status\" aria-live=\"polite\" aria-atomic=\"true\"><\/p> <ul><\/ul><\/div>\n<form action=\"\/transport\/wp-json\/wp\/v2\/pages\/16578#wpcf7-f16681-o1\" method=\"post\" class=\"wpcf7-form init\" aria-label=\"Formularz kontaktowy\" novalidate=\"novalidate\" data-status=\"init\">\n<fieldset class=\"hidden-fields-container\"><input type=\"hidden\" name=\"_wpcf7\" value=\"16681\" \/><input type=\"hidden\" name=\"_wpcf7_version\" value=\"6.1.3\" \/><input type=\"hidden\" name=\"_wpcf7_locale\" value=\"pl_PL\" \/><input type=\"hidden\" name=\"_wpcf7_unit_tag\" value=\"wpcf7-f16681-o1\" \/><input type=\"hidden\" name=\"_wpcf7_container_post\" value=\"0\" \/><input type=\"hidden\" name=\"_wpcf7_posted_data_hash\" value=\"\" \/>\n<\/fieldset>\n<label> Imi\u0119 i nazwisko (wymagane)\n    <span class=\"wpcf7-form-control-wrap\" data-name=\"your-name\"><input size=\"40\" maxlength=\"400\" class=\"wpcf7-form-control wpcf7-text wpcf7-validates-as-required\" aria-required=\"true\" aria-invalid=\"false\" value=\"\" type=\"text\" name=\"your-name\" \/><\/span> <\/label>\n\n<label> Adres email (wymagane)\n    <span class=\"wpcf7-form-control-wrap\" data-name=\"your-email\"><input size=\"40\" maxlength=\"400\" class=\"wpcf7-form-control wpcf7-email wpcf7-validates-as-required wpcf7-text wpcf7-validates-as-email\" aria-required=\"true\" aria-invalid=\"false\" value=\"\" type=\"email\" name=\"your-email\" \/><\/span> <\/label>\n\n<label> Temat\n    <span class=\"wpcf7-form-control-wrap\" data-name=\"your-subject\"><input size=\"40\" maxlength=\"400\" class=\"wpcf7-form-control wpcf7-text\" aria-invalid=\"false\" value=\"\" type=\"text\" name=\"your-subject\" \/><\/span> <\/label>\n\n<label> Tre\u015b\u0107 wiadomo\u015bci\n    <span class=\"wpcf7-form-control-wrap\" data-name=\"your-message\"><textarea cols=\"40\" rows=\"10\" maxlength=\"2000\" class=\"wpcf7-form-control wpcf7-textarea\" aria-invalid=\"false\" name=\"your-message\"><\/textarea><\/span> <\/label>\n\n<input class=\"wpcf7-form-control wpcf7-submit has-spinner\" type=\"submit\" value=\"Wy\u015blij\" \/><div class=\"wpcf7-response-output\" aria-hidden=\"true\"><\/div>\n<\/form>\n<\/div>\n[\/vc_column_text][\/vc_column][\/vc_row][vc_row row_type=&#8221;row&#8221; use_row_as_full_screen_section=&#8221;no&#8221; type=&#8221;full_width&#8221; angled_section=&#8221;no&#8221; text_align=&#8221;left&#8221; background_image_as_pattern=&#8221;without_pattern&#8221; css_animation=&#8221;&#8221;][vc_column][vc_separator type=&#8221;normal&#8221;][\/vc_column][\/vc_row][vc_row row_type=&#8221;row&#8221; use_row_as_full_screen_section=&#8221;no&#8221; type=&#8221;full_width&#8221; angled_section=&#8221;no&#8221; text_align=&#8221;left&#8221; background_image_as_pattern=&#8221;without_pattern&#8221; css_animation=&#8221;&#8221;][vc_column][vc_column_text]<iframe style=\"border: 0;\" src=\"https:\/\/www.google.com\/maps\/embed?pb=!1m14!1m8!1m3!1d10041.061729765028!2d18.059929!3d51.011245!3m2!1i1024!2i768!4f13.1!3m3!1m2!1s0x0%3A0x20d7c0b3a18df772!2sEuro-kam.+PHU!5e0!3m2!1spl!2sus!4v1535107895448\" width=\"100%\" height=\"300\" frameborder=\"0\" allowfullscreen=\"allowfullscreen\"><\/iframe>[\/vc_column_text][\/vc_column][\/vc_row][vc_row row_type=&#8221;row&#8221; use_row_as_full_screen_section=&#8221;no&#8221; type=&#8221;full_width&#8221; angled_section=&#8221;no&#8221; text_align=&#8221;left&#8221; background_image_as_pattern=&#8221;without_pattern&#8221; css_animation=&#8221;&#8221;][vc_column][vc_separator type=&#8221;normal&#8221;][\/vc_column][\/vc_row]<\/p>\n<\/div>","protected":false},"excerpt":{"rendered":"<p>[vc_row row_type=&#8221;row&#8221; use_row_as_full_screen_section=&#8221;no&#8221; type=&#8221;full_width&#8221; angled_section=&#8221;no&#8221; text_align=&#8221;center&#8221; background_image_as_pattern=&#8221;without_pattern&#8221; css_animation=&#8221;&#8221;][vc_column width=&#8221;1\/2&#8243;][vc_single_image image=&#8221;16673&#8243; img_size=&#8221;350&#215;350&#8243; alignment=&#8221;center&#8221; qode_css_animation=&#8221;&#8221; qode_hover_animation=&#8221;zoom_in&#8221;][\/vc_column][vc_column width=&#8221;1\/2&#8243;][vc_column_text]Biuro: 46-250 Wo\u0142czyn, ul. Kluczborska 60C Tel. 77 414 53 31 Tel.\/fax 77 418 97 53 od poniedzia\u0142ku do pi\u0105tku: 7:00 &#8211; 15:00 E-mail eurokamwolczyn@wp.pl NIP 751 100 08 90 REGON&#8230;<\/p>\n","protected":false},"author":1,"featured_media":0,"parent":0,"menu_order":0,"comment_status":"closed","ping_status":"closed","template":"","meta":{"content-type":"","footnotes":""},"class_list":["post-16578","page","type-page","status-publish","hentry"],"_links":{"self":[{"href":"http:\/\/euro-kam.pl\/transport\/wp-json\/wp\/v2\/pages\/16578","targetHints":{"allow":["GET"]}}],"collection":[{"href":"http:\/\/euro-kam.pl\/transport\/wp-json\/wp\/v2\/pages"}],"about":[{"href":"http:\/\/euro-kam.pl\/transport\/wp-json\/wp\/v2\/types\/page"}],"author":[{"embeddable":true,"href":"http:\/\/euro-kam.pl\/transport\/wp-json\/wp\/v2\/users\/1"}],"replies":[{"embeddable":true,"href":"http:\/\/euro-kam.pl\/transport\/wp-json\/wp\/v2\/comments?post=16578"}],"version-history":[{"count":11,"href":"http:\/\/euro-kam.pl\/transport\/wp-json\/wp\/v2\/pages\/16578\/revisions"}],"predecessor-version":[{"id":16736,"href":"http:\/\/euro-kam.pl\/transport\/wp-json\/wp\/v2\/pages\/16578\/revisions\/16736"}],"wp:attachment":[{"href":"http:\/\/euro-kam.pl\/transport\/wp-json\/wp\/v2\/media?parent=16578"}],"curies":[{"name":"wp","href":"https:\/\/api.w.org\/{rel}","templated":true}]}}